{"id":286,"date":"2021-12-13T15:43:51","date_gmt":"2021-12-13T14:43:51","guid":{"rendered":"https:\/\/dumontarchitecture.com\/?page_id=286"},"modified":"2026-04-06T17:46:25","modified_gmt":"2026-04-06T15:46:25","slug":"contact","status":"publish","type":"page","link":"https:\/\/dumontarchitecture.com\/index.php\/contact\/","title":{"rendered":"Contact"},"content":{"rendered":"<p><strong>Guillaume Dumont Architecture<\/strong><br \/>\n+33 7 89 65 31 83<br \/>\n<a href=\"mailto:contact@dumontarchitecture.com\">contact@dumontarchitecture.com<\/a><\/p>\n<p>SIRET 890 830 177 00014<\/p>\n<p>N\u00b0 ordre des architectes 088815<\/p>\n<p>qualifi\u00e9 audit \u00e9nerg\u00e9tique r\u00e8glementaire FEEBat DynaMOE maison individuelle et copropri\u00e9t\u00e9<\/p>\n<p><strong>horaires d&#8217;ouverture<\/strong><br \/>\n9:30 &#8211; 18:30<\/p>\n<p><span style=\"color: #f5f5f5;\">Paris, Marais, Bastille, Daumesnil, Ourcq, Invalides, Montparnasse, Panth\u00e9on, Od\u00e9on, Tour Eiffel, Trocad\u00e9ro, Monceau, Op\u00e9ra, Nation, R\u00e9publique, Belleville, Montmartre, Neuilly-sur-Seine, Levallois-Perret, Boulogne-Billancourt, Saint Germain-en-Laye, Saint-Denis, Montreuil, Aubervilliers, Aulnay-sous-Bois, Versailles, Courbevoie, Reuil-Malmaison, Saint-Maur-des-Foss\u00e9s, Noisy-le-Grand, Cergy, Colombes, Issy-les-Moulineaux, Champigny-sur-Marne, Orly, Clamart, Massy, Palaiseau, Yerres, Brunoy, Champs-sur-Marne, Le Bourget, A\u00e9roport, Nanterre, La D\u00e9fense, Le V\u00e9sinet, Orsay, Guyancourt, Meluin, Chartrettes, Bois-le-Roi, Samois-sur-Seine, Thomery, Fontainebleau, Noisy-sur-Ecole, Barbizon, Bourron-Marlotte, Provins, Chantilly, Meaux, Chablis, Tonnerre, Reims, Epernay, Chalons-en-champagne, Blancs-Coteaux, Dijon, Beaune, Sancerre, Pouilly, Amboise, Tours, Lisieux, Deauville, Trouville, Cabourg, Caen, Honfleur, Bernay, Auge, Blonville-sur-Mer, Villers-sur-Mer, Rouen, Le Havre, Etretat, Yport, F\u00e9camp, Dieppe, Sotteville-sur-Mer, Quend, Fort-Mahon, Berck, Merlimont, Le Touquet, Neufchatel-Hardelot, Wimereux, Lille, Dunkerque, Amiens, Abbeville, Montreuil-sur-Mer, Longueau, Roubaix, Tourcoing, Beauvais, Douai, Creil, Cherbourg-en-cotentin, Vernon, Vire, Elbeuf, Auxerre, Nevers, Sens, Monceau-les-Mines, Autun, Franche-Comt\u00e9<\/span><\/p>\n","protected":false},"excerpt":{"rendered":"<p>Guillaume Dumont Architecture +33 7 89 65 31 83 contact@dumontarchitecture.com SIRET 890 830 177 00014 N\u00b0 ordre des architectes 088815 qualifi\u00e9 audit \u00e9nerg\u00e9tique r\u00e8glementaire FEEBat DynaMOE maison individuelle et copropri\u00e9t\u00e9 horaires d&#8217;ouverture 9:30 &#8211; 18:30 Paris, Marais, Bastille, Daumesnil, Ourcq, Invalides, Montparnasse, Panth\u00e9on, Od\u00e9on, Tour Eiffel, Trocad\u00e9ro, Monceau, Op\u00e9ra, Nation, R\u00e9publique, Belleville, Montmartre, Neuilly-sur-Seine, Levallois-Perret, [&hellip;]<\/p>\n","protected":false},"author":1,"featured_media":0,"parent":0,"menu_order":0,"comment_status":"closed","ping_status":"closed","template":"","meta":[],"_links":{"self":[{"href":"https:\/\/dumontarchitecture.com\/index.php\/wp-json\/wp\/v2\/pages\/286"}],"collection":[{"href":"https:\/\/dumontarchitecture.com\/index.php\/wp-json\/wp\/v2\/pages"}],"about":[{"href":"https:\/\/dumontarchitecture.com\/index.php\/wp-json\/wp\/v2\/types\/page"}],"author":[{"embeddable":true,"href":"https:\/\/dumontarchitecture.com\/index.php\/wp-json\/wp\/v2\/users\/1"}],"replies":[{"embeddable":true,"href":"https:\/\/dumontarchitecture.com\/index.php\/wp-json\/wp\/v2\/comments?post=286"}],"version-history":[{"count":25,"href":"https:\/\/dumontarchitecture.com\/index.php\/wp-json\/wp\/v2\/pages\/286\/revisions"}],"predecessor-version":[{"id":688,"href":"https:\/\/dumontarchitecture.com\/index.php\/wp-json\/wp\/v2\/pages\/286\/revisions\/688"}],"wp:attachment":[{"href":"https:\/\/dumontarchitecture.com\/index.php\/wp-json\/wp\/v2\/media?parent=286"}],"curies":[{"name":"wp","href":"https:\/\/api.w.org\/{rel}","templated":true}]}}